{"id":1879,"date":"2024-03-20T15:42:27","date_gmt":"2024-03-20T14:42:27","guid":{"rendered":"https:\/\/wort-wahl.de\/home\/"},"modified":"2024-07-16T19:17:31","modified_gmt":"2024-07-16T17:17:31","slug":"home","status":"publish","type":"page","link":"https:\/\/wort-wahl.de\/en\/","title":{"rendered":"Home"},"content":{"rendered":"<p>[et_pb_section fb_built=&#8221;1&#8243; module_id=&#8221;home-slider&#8221; _builder_version=&#8221;4.24.2&#8243; _module_preset=&#8221;default&#8221; custom_padding=&#8221;0px||0px||true|false&#8221; da_disable_devices=&#8221;off|off|off&#8221; global_colors_info=&#8221;{}&#8221; da_is_popup=&#8221;off&#8221; da_exit_intent=&#8221;off&#8221; da_has_close=&#8221;on&#8221; da_alt_close=&#8221;off&#8221; da_dark_close=&#8221;off&#8221; da_not_modal=&#8221;on&#8221; da_is_singular=&#8221;off&#8221; da_with_loader=&#8221;off&#8221; da_has_shadow=&#8221;on&#8221;][et_pb_row _builder_version=&#8221;4.24.2&#8243; _module_preset=&#8221;default&#8221; width=&#8221;100%&#8221; max_width=&#8221;100%&#8221; custom_padding=&#8221;0px||0px||true|false&#8221; global_colors_info=&#8221;{}&#8221;][et_pb_column type=&#8221;4_4&#8243; _builder_version=&#8221;4.24.2&#8243; _module_preset=&#8221;default&#8221; global_colors_info=&#8221;{}&#8221;][et_pb_de_mach_carousel post_type_choose=&#8221;slider&#8221; loop_layout=&#8221;90&#8243; posts_number_desktop=&#8221;1&#8243; posts_number_tablet=&#8221;1&#8243; posts_number_tablet_land=&#8221;1&#8243; infinate=&#8221;on&#8221; _builder_version=&#8221;4.24.2&#8243; _module_preset=&#8221;default&#8221; global_colors_info=&#8221;{}&#8221;][\/et_pb_de_mach_carousel][\/et_pb_column][\/et_pb_row][\/et_pb_section][et_pb_section fb_built=&#8221;1&#8243; module_id=&#8221;schnellzugriff&#8221; _builder_version=&#8221;4.24.2&#8243; _module_preset=&#8221;default&#8221; custom_padding=&#8221;0px||0px||true|false&#8221; da_disable_devices=&#8221;off|off|off&#8221; locked=&#8221;off&#8221; global_colors_info=&#8221;{}&#8221; global_module=&#8221;2083&#8243; theme_builder_area=&#8221;post_content&#8221; da_is_popup=&#8221;off&#8221; da_exit_intent=&#8221;off&#8221; da_has_close=&#8221;on&#8221; da_alt_close=&#8221;off&#8221; da_dark_close=&#8221;off&#8221; da_not_modal=&#8221;on&#8221; da_is_singular=&#8221;off&#8221; da_with_loader=&#8221;off&#8221; da_has_shadow=&#8221;on&#8221;][et_pb_row _builder_version=&#8221;4.24.2&#8243; _module_preset=&#8221;default&#8221; global_colors_info=&#8221;{}&#8221; theme_builder_area=&#8221;post_content&#8221;][et_pb_column type=&#8221;4_4&#8243; _builder_version=&#8221;4.24.2&#8243; _module_preset=&#8221;default&#8221; global_colors_info=&#8221;{}&#8221; theme_builder_area=&#8221;post_content&#8221;][et_pb_text _builder_version=&#8221;4.25.1&#8243; _module_preset=&#8221;default&#8221; text_text_color=&#8221;#FFFFFF&#8221; text_font_size=&#8221;15px&#8221; custom_margin=&#8221;||0px||false|false&#8221; global_colors_info=&#8221;{}&#8221; theme_builder_area=&#8221;post_content&#8221;]<\/p>\n<ul>\n<li><a href=\"tel:0221%20759 344-20\">0221 759 344-20<\/a><\/li>\n<li><a href=\"mailto:info@wort-wahl.de\">info@wort-wahl.de<\/a><\/li>\n<li><a href=\"https:\/\/wort-wahl.de\/kontakt\/\">Request a quote<\/a><\/li>\n<\/ul>\n<p>[\/et_pb_text][et_pb_image src=&#8221;\/wp-content\/themes\/divi-child\/img\/icon-linkedin.svg&#8221; url=&#8221;https:\/\/www.linkedin.com\/company\/wort-wahl\/&#8221; url_new_window=&#8221;on&#8221; align=&#8221;right&#8221; _builder_version=&#8221;4.24.2&#8243; _module_preset=&#8221;default&#8221; global_colors_info=&#8221;{}&#8221; theme_builder_area=&#8221;post_content&#8221;][\/et_pb_image][et_pb_code module_class=&#8221;sprachen&#8221; _builder_version=&#8221;4.25.1&#8243; _module_preset=&#8221;default&#8221; locked=&#8221;off&#8221; global_colors_info=&#8221;{}&#8221; theme_builder_area=&#8221;post_content&#8221;]\n<div class=\"wpml-ls-statics-shortcode_actions wpml-ls wpml-ls-legacy-list-horizontal\">\n\t<ul role=\"menu\"><li class=\"wpml-ls-slot-shortcode_actions wpml-ls-item wpml-ls-item-en wpml-ls-current-language wpml-ls-first-item wpml-ls-item-legacy-list-horizontal\" role=\"none\">\n\t\t\t\t<a href=\"https:\/\/wort-wahl.de\/en\/\" class=\"wpml-ls-link\" role=\"menuitem\" >\n                                                        <img decoding=\"async\"\n            class=\"wpml-ls-flag\"\n            src=\"https:\/\/wort-wahl.de\/wp-content\/plugins\/sitepress-multilingual-cms\/res\/flags\/en.svg\"\n            alt=\"English\"\n            width=18\n            height=12\n    \/><\/a>\n\t\t\t<\/li><li class=\"wpml-ls-slot-shortcode_actions wpml-ls-item wpml-ls-item-de wpml-ls-last-item wpml-ls-item-legacy-list-horizontal\" role=\"none\">\n\t\t\t\t<a href=\"https:\/\/wort-wahl.de\/\" class=\"wpml-ls-link\" role=\"menuitem\"  aria-label=\"Switch to German\" title=\"Switch to German\" >\n                                                        <img decoding=\"async\"\n            class=\"wpml-ls-flag\"\n            src=\"https:\/\/wort-wahl.de\/wp-content\/plugins\/sitepress-multilingual-cms\/res\/flags\/de.svg\"\n            alt=\"German\"\n            width=18\n            height=12\n    \/><\/a>\n\t\t\t<\/li><\/ul>\n<\/div>\n[\/et_pb_code][\/et_pb_column][\/et_pb_row][\/et_pb_section][et_pb_section fb_built=&#8221;1&#8243; module_class=&#8221;erster-block&#8221; _builder_version=&#8221;4.24.2&#8243; _module_preset=&#8221;default&#8221; custom_padding=&#8221;30px||||false|false&#8221; da_disable_devices=&#8221;off|off|off&#8221; global_colors_info=&#8221;{}&#8221; da_is_popup=&#8221;off&#8221; da_exit_intent=&#8221;off&#8221; da_has_close=&#8221;on&#8221; da_alt_close=&#8221;off&#8221; da_dark_close=&#8221;off&#8221; da_not_modal=&#8221;on&#8221; da_is_singular=&#8221;off&#8221; da_with_loader=&#8221;off&#8221; da_has_shadow=&#8221;on&#8221;][et_pb_row column_structure=&#8221;2_5,3_5&#8243; _builder_version=&#8221;4.24.2&#8243; _module_preset=&#8221;default&#8221; global_colors_info=&#8221;{}&#8221;][et_pb_column type=&#8221;2_5&#8243; _builder_version=&#8221;4.24.2&#8243; _module_preset=&#8221;default&#8221; global_colors_info=&#8221;{}&#8221;][et_pb_text _builder_version=&#8221;4.25.1&#8243; _module_preset=&#8221;default&#8221; header_text_color=&#8221;gcid-6e7dc00a-0e9a-4b95-a06f-a66dada420c8&#8243; header_line_height=&#8221;1.4em&#8221; global_colors_info=&#8221;{%22gcid-6e7dc00a-0e9a-4b95-a06f-a66dada420c8%22:%91%22header_text_color%22%93}&#8221;]<\/p>\n<h1>Professional interpreters \u2013 for video conferences, in-person and hybrid events<\/h1>\n<p>[\/et_pb_text][et_pb_button button_url=&#8221;@ET-DC@eyJkeW5hbWljIjp0cnVlLCJjb250ZW50IjoicG9zdF9saW5rX3VybF9wYWdlIiwic2V0dGluZ3MiOnsicG9zdF9pZCI6IjY5NCJ9fQ==@&#8221; button_text=&#8221;Request a quote&#8221; module_class=&#8221;btn&#8221; _builder_version=&#8221;4.25.1&#8243; _dynamic_attributes=&#8221;button_url&#8221; _module_preset=&#8221;default&#8221; custom_button=&#8221;on&#8221; button_text_size=&#8221;18px&#8221; button_text_color=&#8221;#FFFFFF&#8221; button_bg_color=&#8221;gcid-6e7dc00a-0e9a-4b95-a06f-a66dada420c8&#8243; button_border_width=&#8221;0px&#8221; button_use_icon=&#8221;off&#8221; locked=&#8221;off&#8221; global_colors_info=&#8221;{%22gcid-6e7dc00a-0e9a-4b95-a06f-a66dada420c8%22:%91%22button_bg_color%22%93}&#8221;][\/et_pb_button][\/et_pb_column][et_pb_column type=&#8221;3_5&#8243; _builder_version=&#8221;4.24.2&#8243; _module_preset=&#8221;default&#8221; global_colors_info=&#8221;{}&#8221;][et_pb_de_mach_acf_item acf_name=&#8221;field_65fc57cc1f65c&#8221; acf_tag=&#8221;div&#8221; show_label=&#8221;off&#8221; module_class=&#8221;text-block&#8221; _builder_version=&#8221;4.24.2&#8243; _module_preset=&#8221;default&#8221; global_colors_info=&#8221;{}&#8221;][\/et_pb_de_mach_acf_item][\/et_pb_column][\/et_pb_row][\/et_pb_section][et_pb_section fb_built=&#8221;1&#8243; _builder_version=&#8221;4.24.2&#8243; _module_preset=&#8221;default&#8221; use_background_color_gradient=&#8221;on&#8221; background_color_gradient_direction=&#8221;260deg&#8221; background_color_gradient_stops=&#8221;#cec4b7 0%|#b9b0a6 100%&#8221; custom_padding=&#8221;||120px|||&#8221; da_disable_devices=&#8221;off|off|off&#8221; global_colors_info=&#8221;{}&#8221; da_is_popup=&#8221;off&#8221; da_exit_intent=&#8221;off&#8221; da_has_close=&#8221;on&#8221; da_alt_close=&#8221;off&#8221; da_dark_close=&#8221;off&#8221; da_not_modal=&#8221;on&#8221; da_is_singular=&#8221;off&#8221; da_with_loader=&#8221;off&#8221; da_has_shadow=&#8221;on&#8221;][et_pb_row _builder_version=&#8221;4.24.2&#8243; _module_preset=&#8221;default&#8221; custom_padding=&#8221;0px||0px||true|false&#8221; global_colors_info=&#8221;{}&#8221;][et_pb_column type=&#8221;4_4&#8243; _builder_version=&#8221;4.24.2&#8243; _module_preset=&#8221;default&#8221; global_colors_info=&#8221;{}&#8221;][et_pb_de_mach_archive_loop post_type_choose=&#8221;leistungen&#8221; loop_layout=&#8221;201&#8243; posts_number=&#8221;8&#8243; link_whole_gird=&#8221;on&#8221; equal_height=&#8221;on&#8221; custom_gutter_width=&#8221;on&#8221; gutter_row_gap=&#8221;20px&#8221; gutter_row_column=&#8221;20px&#8221; module_id=&#8221;leistungen-loop&#8221; _builder_version=&#8221;4.24.2&#8243; _module_preset=&#8221;default&#8221; global_colors_info=&#8221;{}&#8221;][\/et_pb_de_mach_archive_loop][\/et_pb_column][\/et_pb_row][\/et_pb_section][et_pb_section fb_built=&#8221;1&#8243; module_class=&#8221;zweiter-block&#8221; _builder_version=&#8221;4.24.2&#8243; _module_preset=&#8221;default&#8221; custom_padding=&#8221;||0px||false|false&#8221; da_disable_devices=&#8221;off|off|off&#8221; locked=&#8221;off&#8221; global_colors_info=&#8221;{}&#8221; da_is_popup=&#8221;off&#8221; da_exit_intent=&#8221;off&#8221; da_has_close=&#8221;on&#8221; da_alt_close=&#8221;off&#8221; da_dark_close=&#8221;off&#8221; da_not_modal=&#8221;on&#8221; da_is_singular=&#8221;off&#8221; da_with_loader=&#8221;off&#8221; da_has_shadow=&#8221;on&#8221;][et_pb_row column_structure=&#8221;2_5,3_5&#8243; _builder_version=&#8221;4.24.2&#8243; _module_preset=&#8221;default&#8221; global_colors_info=&#8221;{}&#8221;][et_pb_column type=&#8221;2_5&#8243; _builder_version=&#8221;4.24.2&#8243; _module_preset=&#8221;default&#8221; global_colors_info=&#8221;{}&#8221;][et_pb_de_mach_archive_loop post_type_choose=&#8221;va-beispiele&#8221; loop_layout=&#8221;336&#8243; is_main_loop=&#8221;off&#8221; posts_number=&#8221;1&#8243; post_display_type=&#8221;linked_post&#8221; acf_linked_acf=&#8221;field_660e793bf38a4&#8243; order_asc_desc=&#8221;DESC&#8221; columns=&#8221;1&#8243; columns_tablet=&#8221;1&#8243; _builder_version=&#8221;4.25.1&#8243; _module_preset=&#8221;default&#8221; global_colors_info=&#8221;{}&#8221;][\/et_pb_de_mach_archive_loop][\/et_pb_column][et_pb_column type=&#8221;3_5&#8243; _builder_version=&#8221;4.24.2&#8243; _module_preset=&#8221;default&#8221; global_colors_info=&#8221;{}&#8221;][et_pb_de_mach_acf_item acf_name=&#8221;field_660e78f2f38a2&#8243; acf_tag=&#8221;div&#8221; show_label=&#8221;off&#8221; module_class=&#8221;text-block&#8221; _builder_version=&#8221;4.25.1&#8243; _module_preset=&#8221;default&#8221; global_colors_info=&#8221;{}&#8221;][\/et_pb_de_mach_acf_item][\/et_pb_column][\/et_pb_row][\/et_pb_section][et_pb_section fb_built=&#8221;1&#8243; module_class=&#8221;dritter-block&#8221; _builder_version=&#8221;4.24.2&#8243; _module_preset=&#8221;default&#8221; custom_padding=&#8221;||||false|false&#8221; da_disable_devices=&#8221;off|off|off&#8221; locked=&#8221;off&#8221; global_colors_info=&#8221;{}&#8221; da_is_popup=&#8221;off&#8221; da_exit_intent=&#8221;off&#8221; da_has_close=&#8221;on&#8221; da_alt_close=&#8221;off&#8221; da_dark_close=&#8221;off&#8221; da_not_modal=&#8221;on&#8221; da_is_singular=&#8221;off&#8221; da_with_loader=&#8221;off&#8221; da_has_shadow=&#8221;on&#8221;][et_pb_row _builder_version=&#8221;4.24.2&#8243; _module_preset=&#8221;default&#8221; global_colors_info=&#8221;{}&#8221;][et_pb_column type=&#8221;4_4&#8243; _builder_version=&#8221;4.24.2&#8243; _module_preset=&#8221;default&#8221; global_colors_info=&#8221;{}&#8221;][et_pb_de_mach_acf_item acf_name=&#8221;field_660e9c56c0611&#8243; acf_tag=&#8221;div&#8221; show_label=&#8221;off&#8221; module_class=&#8221;text-block&#8221; _builder_version=&#8221;4.24.2&#8243; _module_preset=&#8221;default&#8221; global_colors_info=&#8221;{}&#8221;][\/et_pb_de_mach_acf_item][\/et_pb_column][\/et_pb_row][\/et_pb_section][et_pb_section fb_built=&#8221;1&#8243; module_class=&#8221;eventagenturen-ki&#8221; _builder_version=&#8221;4.24.2&#8243; _module_preset=&#8221;default&#8221; custom_padding=&#8221;0px||||false|false&#8221; da_disable_devices=&#8221;off|off|off&#8221; locked=&#8221;off&#8221; global_colors_info=&#8221;{}&#8221; da_is_popup=&#8221;off&#8221; da_exit_intent=&#8221;off&#8221; da_has_close=&#8221;on&#8221; da_alt_close=&#8221;off&#8221; da_dark_close=&#8221;off&#8221; da_not_modal=&#8221;on&#8221; da_is_singular=&#8221;off&#8221; da_with_loader=&#8221;off&#8221; da_has_shadow=&#8221;on&#8221;][et_pb_row column_structure=&#8221;1_2,1_2&#8243; use_custom_gutter=&#8221;on&#8221; gutter_width=&#8221;2&#8243; make_equal=&#8221;on&#8221; _builder_version=&#8221;4.24.2&#8243; _module_preset=&#8221;default&#8221; custom_padding=&#8221;||||false|false&#8221; global_colors_info=&#8221;{}&#8221;][et_pb_column type=&#8221;1_2&#8243; _builder_version=&#8221;4.24.2&#8243; _module_preset=&#8221;default&#8221; use_background_color_gradient=&#8221;on&#8221; background_color_gradient_stops=&#8221;#b9b0a6 0%|#cec4b7 100%&#8221; custom_padding=&#8221;24px|24px|24px|24px|true|true&#8221; border_radii=&#8221;on|6px|6px|6px|6px&#8221; global_colors_info=&#8221;{}&#8221;][et_pb_text _builder_version=&#8221;4.25.1&#8243; _module_preset=&#8221;default&#8221; text_text_color=&#8221;#FFFFFF&#8221; text_font_size=&#8221;18px&#8221; text_line_height=&#8221;1.4em&#8221; header_3_text_color=&#8221;#FFFFFF&#8221; header_3_font_size=&#8221;24px&#8221; global_colors_info=&#8221;{}&#8221;]<\/p>\n<h3>Eventdienstleister<\/h3>\n<p>Ihr sucht f\u00fcr eure Veranstaltungen eine Dolmetschagentur mit Herz und Verstand? Zuverl\u00e4ssig und erfahren, zugleich unkompliziert und mit Spa\u00dffaktor? Willkommen bei wort-wahl!<\/p>\n<p>[\/et_pb_text][et_pb_button button_url=&#8221;@ET-DC@eyJkeW5hbWljIjp0cnVlLCJjb250ZW50IjoicG9zdF9saW5rX3VybF9wYWdlIiwic2V0dGluZ3MiOnsicG9zdF9pZCI6IjE1MDgifX0=@&#8221; button_text=&#8221;mehr erfahren&#8221; module_class=&#8221;btn&#8221; _builder_version=&#8221;4.25.1&#8243; _dynamic_attributes=&#8221;button_url&#8221; _module_preset=&#8221;default&#8221; custom_button=&#8221;on&#8221; button_text_size=&#8221;18px&#8221; button_text_color=&#8221;#FFFFFF&#8221; button_bg_color=&#8221;gcid-6e7dc00a-0e9a-4b95-a06f-a66dada420c8&#8243; button_border_width=&#8221;0px&#8221; button_use_icon=&#8221;off&#8221; locked=&#8221;off&#8221; global_colors_info=&#8221;{%22gcid-6e7dc00a-0e9a-4b95-a06f-a66dada420c8%22:%91%22button_bg_color%22,%22button_bg_color%22%93}&#8221; transform_styles__hover_enabled=&#8221;on|hover&#8221; transform_scale__hover_enabled=&#8221;on|desktop&#8221; transform_translate__hover=&#8221;0px|-5px&#8221; transform_translate__hover_enabled=&#8221;on|hover&#8221; transform_rotate__hover_enabled=&#8221;on|desktop&#8221; transform_skew__hover_enabled=&#8221;on|desktop&#8221; transform_origin__hover_enabled=&#8221;on|desktop&#8221;][\/et_pb_button][\/et_pb_column][et_pb_column type=&#8221;1_2&#8243; _builder_version=&#8221;4.24.2&#8243; _module_preset=&#8221;default&#8221; use_background_color_gradient=&#8221;on&#8221; background_color_gradient_stops=&#8221;#b9b0a6 0%|#cec4b7 100%&#8221; custom_padding=&#8221;24px|24px|24px|24px|true|true&#8221; border_radii=&#8221;on|6px|6px|6px|6px&#8221; global_colors_info=&#8221;{}&#8221;][et_pb_text _builder_version=&#8221;4.25.1&#8243; _module_preset=&#8221;default&#8221; text_text_color=&#8221;#FFFFFF&#8221; text_font_size=&#8221;18px&#8221; text_line_height=&#8221;1.4em&#8221; header_3_text_color=&#8221;#FFFFFF&#8221; header_3_font_size=&#8221;24px&#8221; global_colors_info=&#8221;{}&#8221;]<\/p>\n<h3>KI Dolmetscher<\/h3>\n<p>Kann k\u00fcnstliche Intelligenz simultan dolmetschen? Wo liegen St\u00e4rken und Schw\u00e4chen eines KI-Dolmetschers? Paul Avatar kl\u00e4rt diese und andere Fragen.<\/p>\n<p>[\/et_pb_text][et_pb_button button_url=&#8221;@ET-DC@eyJkeW5hbWljIjp0cnVlLCJjb250ZW50IjoicG9zdF9saW5rX3VybF9wYWdlIiwic2V0dGluZ3MiOnsicG9zdF9pZCI6IjE0MzQifX0=@&#8221; button_text=&#8221;mehr erfahren&#8221; module_class=&#8221;btn&#8221; _builder_version=&#8221;4.25.1&#8243; _dynamic_attributes=&#8221;button_url&#8221; _module_preset=&#8221;default&#8221; custom_button=&#8221;on&#8221; button_text_size=&#8221;18px&#8221; button_text_color=&#8221;#FFFFFF&#8221; button_bg_color=&#8221;gcid-6e7dc00a-0e9a-4b95-a06f-a66dada420c8&#8243; button_border_width=&#8221;0px&#8221; button_use_icon=&#8221;off&#8221; transform_translate_linked__hover=&#8221;off&#8221; locked=&#8221;off&#8221; global_colors_info=&#8221;{%22gcid-6e7dc00a-0e9a-4b95-a06f-a66dada420c8%22:%91%22button_bg_color%22%93}&#8221; transform_styles__hover_enabled=&#8221;on|hover&#8221; transform_scale__hover_enabled=&#8221;on|desktop&#8221; transform_translate__hover_enabled=&#8221;on|hover&#8221; transform_rotate__hover_enabled=&#8221;on|desktop&#8221; transform_skew__hover_enabled=&#8221;on|desktop&#8221; transform_origin__hover_enabled=&#8221;on|desktop&#8221; transform_translate__hover=&#8221;0px|-5px&#8221;][\/et_pb_button][\/et_pb_column][\/et_pb_row][\/et_pb_section][et_pb_section fb_built=&#8221;1&#8243; module_id=&#8221;das-sagen-unsere-kunden&#8221; _builder_version=&#8221;4.25.1&#8243; _module_preset=&#8221;default&#8221; background_color=&#8221;gcid-ee543451-a820-4482-bf89-648958bd631f&#8221; use_background_color_gradient=&#8221;on&#8221; background_color_gradient_stops=&#8221;gcid-ee543451-a820-4482-bf89-648958bd631f 0%|rgba(230,88,84,0.1) 100%&#8221; custom_padding=&#8221;40px||||false|false&#8221; da_disable_devices=&#8221;off|off|off&#8221; saved_tabs=&#8221;all&#8221; locked=&#8221;off&#8221; global_colors_info=&#8221;{%22gcid-ee543451-a820-4482-bf89-648958bd631f%22:%91%22background_color%22,%22background_color_gradient_stops%22%93,%22gcid-6e7dc00a-0e9a-4b95-a06f-a66dada420c8%22:%91%22background_color_gradient_stops%22%93}&#8221; da_is_popup=&#8221;off&#8221; da_exit_intent=&#8221;off&#8221; da_has_close=&#8221;on&#8221; da_alt_close=&#8221;off&#8221; da_dark_close=&#8221;off&#8221; da_not_modal=&#8221;on&#8221; da_is_singular=&#8221;off&#8221; da_with_loader=&#8221;off&#8221; da_has_shadow=&#8221;on&#8221;][et_pb_row _builder_version=&#8221;4.24.2&#8243; _module_preset=&#8221;default&#8221; custom_padding=&#8221;||0px|||&#8221; global_colors_info=&#8221;{}&#8221;][et_pb_column type=&#8221;4_4&#8243; _builder_version=&#8221;4.24.2&#8243; _module_preset=&#8221;default&#8221; global_colors_info=&#8221;{}&#8221;][et_pb_text _builder_version=&#8221;4.25.1&#8243; _module_preset=&#8221;default&#8221; header_4_text_align=&#8221;center&#8221; header_4_text_color=&#8221;gcid-6e7dc00a-0e9a-4b95-a06f-a66dada420c8&#8243; header_4_font_size=&#8221;30px&#8221; global_colors_info=&#8221;{%22gcid-6e7dc00a-0e9a-4b95-a06f-a66dada420c8%22:%91%22header_4_text_color%22%93}&#8221;]<\/p>\n<h4><span>Das sagen unsere Kunden<\/span><\/h4>\n<p>[\/et_pb_text][\/et_pb_column][\/et_pb_row][et_pb_row _builder_version=&#8221;4.24.2&#8243; _module_preset=&#8221;default&#8221; global_colors_info=&#8221;{}&#8221;][et_pb_column type=&#8221;4_4&#8243; _builder_version=&#8221;4.24.2&#8243; _module_preset=&#8221;default&#8221; global_colors_info=&#8221;{}&#8221;][et_pb_de_mach_archive_loop post_type_choose=&#8221;kundenstimmen&#8221; loop_layout=&#8221;167&#8243; is_main_loop=&#8221;off&#8221; order_asc_desc=&#8221;DESC&#8221; columns=&#8221;1&#8243; columns_tablet=&#8221;1&#8243; module_id=&#8221;kundenstimme-loop&#8221; module_class=&#8221;kundenstimme-loop&#8221; _builder_version=&#8221;4.24.2&#8243; _module_preset=&#8221;default&#8221; global_colors_info=&#8221;{}&#8221;][\/et_pb_de_mach_archive_loop][et_pb_de_mach_archive_loop post_type_choose=&#8221;kundenstimmen&#8221; loop_layout=&#8221;167&#8243; posts_number=&#8221;1&#8243; post_display_type=&#8221;linked_post&#8221; acf_linked_acf=&#8221;field_65fc48b3b119b&#8221; columns=&#8221;1&#8243; columns_tablet=&#8221;1&#8243; disabled_on=&#8221;on|on|on&#8221; module_id=&#8221;kundenstimme-loop&#8221; _builder_version=&#8221;4.24.2&#8243; _module_preset=&#8221;default&#8221; disabled=&#8221;on&#8221; global_colors_info=&#8221;{}&#8221;][\/et_pb_de_mach_archive_loop][\/et_pb_column][\/et_pb_row][\/et_pb_section]<\/p>\n","protected":false},"excerpt":{"rendered":"<p>0221 759 344-20 info@wort-wahl.de Request a quote \n<div class=\"wpml-ls-statics-shortcode_actions wpml-ls wpml-ls-legacy-list-horizontal\">\n\t<ul role=\"menu\"><li class=\"wpml-ls-slot-shortcode_actions wpml-ls-item wpml-ls-item-en wpml-ls-current-language wpml-ls-first-item wpml-ls-item-legacy-list-horizontal\" role=\"none\">\n\t\t\t\t<a href=\"https:\/\/wort-wahl.de\/en\/\" class=\"wpml-ls-link\" role=\"menuitem\" >\n                                                        <img decoding=\"async\"\n            class=\"wpml-ls-flag\"\n            src=\"https:\/\/wort-wahl.de\/wp-content\/plugins\/sitepress-multilingual-cms\/res\/flags\/en.svg\"\n            alt=\"English\"\n            width=18\n            height=12\n    \/><\/a>\n\t\t\t<\/li><li class=\"wpml-ls-slot-shortcode_actions wpml-ls-item wpml-ls-item-de wpml-ls-last-item wpml-ls-item-legacy-list-horizontal\" role=\"none\">\n\t\t\t\t<a href=\"https:\/\/wort-wahl.de\/\" class=\"wpml-ls-link\" role=\"menuitem\"  aria-label=\"Switch to German\" title=\"Switch to German\" >\n                                                        <img decoding=\"async\"\n            class=\"wpml-ls-flag\"\n            src=\"https:\/\/wort-wahl.de\/wp-content\/plugins\/sitepress-multilingual-cms\/res\/flags\/de.svg\"\n            alt=\"German\"\n            width=18\n            height=12\n    \/><\/a>\n\t\t\t<\/li><\/ul>\n<\/div>\nProfessional interpreters \u2013 for video conferences, in-person and hybrid eventsEventdienstleister Ihr sucht f\u00fcr eure Veranstaltungen eine Dolmetschagentur mit Herz und Verstand? Zuverl\u00e4ssig und erfahren, zugleich unkompliziert und mit Spa\u00dffaktor? Willkommen bei wort-wahl!KI Dolmetscher Kann k\u00fcnstliche Intelligenz simultan dolmetschen? Wo liegen St\u00e4rken und Schw\u00e4chen eines KI-Dolmetschers? Paul Avatar kl\u00e4rt [&hellip;]<\/p>\n","protected":false},"author":1,"featured_media":0,"parent":0,"menu_order":0,"comment_status":"closed","ping_status":"closed","template":"","meta":{"_acf_changed":false,"_et_pb_use_builder":"on","_et_pb_old_content":"","_et_gb_content_width":"","rank_math_lock_modified_date":false,"footnotes":""},"class_list":["post-1879","page","type-page","status-publish","hentry"],"acf":[],"_links":{"self":[{"href":"https:\/\/wort-wahl.de\/en\/wp-json\/wp\/v2\/pages\/1879","targetHints":{"allow":["GET"]}}],"collection":[{"href":"https:\/\/wort-wahl.de\/en\/wp-json\/wp\/v2\/pages"}],"about":[{"href":"https:\/\/wort-wahl.de\/en\/wp-json\/wp\/v2\/types\/page"}],"author":[{"embeddable":true,"href":"https:\/\/wort-wahl.de\/en\/wp-json\/wp\/v2\/users\/1"}],"replies":[{"embeddable":true,"href":"https:\/\/wort-wahl.de\/en\/wp-json\/wp\/v2\/comments?post=1879"}],"version-history":[{"count":0,"href":"https:\/\/wort-wahl.de\/en\/wp-json\/wp\/v2\/pages\/1879\/revisions"}],"wp:attachment":[{"href":"https:\/\/wort-wahl.de\/en\/wp-json\/wp\/v2\/media?parent=1879"}],"curies":[{"name":"wp","href":"https:\/\/api.w.org\/{rel}","templated":true}]}}